{"id":10,"date":"2026-02-22T20:38:21","date_gmt":"2026-02-22T20:38:21","guid":{"rendered":"https:\/\/dinlux.si\/?page_id=10"},"modified":"2026-02-23T02:54:15","modified_gmt":"2026-02-23T02:54:15","slug":"dinlux-prevoz-selitve-in-storitve","status":"publish","type":"page","link":"https:\/\/dinlux.si\/","title":{"rendered":"DINLUX &#8211; prevozi, selitve in storitve"},"content":{"rendered":"\n<h2 class=\"wp-block-heading\">      <strong>Zanesljivi prevozi in selitve 24\/7<\/strong> <\/h2>\n\n\n\n<p>Nujni prevozi, manj\u0161e selitve in odvoz pohi\u0161tva. Maribor in celotna Slovenija &#8211; vikendi, prazniki, no\u010dne storitve.<\/p>\n\n\n\n<div class=\"wp-block-buttons is-layout-flex wp-block-buttons-is-layout-flex\">\n<div class=\"wp-block-button\"><a class=\"wp-block-button__link has-text-align-center wp-element-button\" href=\"tel:+38671721797\">Pokli\u010di ali pi\u0161i: 071 721 797<\/a><\/div>\n<\/div>\n\n\n\n<p class=\"has-text-align-left\" style=\"margin-top:0;margin-bottom:0\">              <a href=\"mailto: info@dinlux.si\"> <strong>info@dinlux.si<\/strong><\/a><\/p>\n\n\n\n<div style=\"height:0px\" aria-hidden=\"true\" class=\"wp-block-spacer\"><\/div>\n\n\n\n<div style=\"height:0px\" aria-hidden=\"true\" class=\"wp-block-spacer\"><\/div>\n\n\n\n<ul class=\"wp-block-list\"><\/ul>\n\n\n\n<div style=\"height:0px\" aria-hidden=\"true\" class=\"wp-block-spacer\"><\/div>\n\n\n\n<div style=\"height:0px\" aria-hidden=\"true\" class=\"wp-block-spacer\"><\/div>\n\n\n\n<div style=\"height:0px\" aria-hidden=\"true\" class=\"wp-block-spacer\"><\/div>\n\n\n\n<figure class=\"wp-block-image alignfull size-full\"><img loading=\"lazy\" decoding=\"async\" width=\"1536\" height=\"1024\" src=\"https:\/\/dinlux.si\/wp-content\/uploads\/2026\/02\/2.png\" alt=\"\" class=\"wp-image-19\" srcset=\"https:\/\/dinlux.si\/wp-content\/uploads\/2026\/02\/2.png 1536w, https:\/\/dinlux.si\/wp-content\/uploads\/2026\/02\/2-300x200.png 300w, https:\/\/dinlux.si\/wp-content\/uploads\/2026\/02\/2-1024x683.png 1024w, https:\/\/dinlux.si\/wp-content\/uploads\/2026\/02\/2-768x512.png 768w\" sizes=\"auto, (max-width: 1536px) 100vw, 1536px\" \/><\/figure>\n\n\n\n<div style=\"height:21px\" aria-hidden=\"true\" class=\"wp-block-spacer\"><\/div>\n\n\n\n<h2 class=\"wp-block-heading has-text-align-center\">Na\u0161e storitve<\/h2>\n\n\n\n<p class=\"has-text-align-left has-base-color has-text-color has-link-color wp-elements-796c7a7e11df053f80222b7bc7f8a2a1\">\u2022 Nujni prevozi 24\/7&nbsp;&nbsp;<\/p>\n\n\n\n<p class=\"has-text-align-left has-base-color has-text-color has-link-color wp-elements-0716cb9d9919ce9264c47820aa4d16ef\">\u2022 Manj\u0161e selitve (stanovanja, sobe, posamezni kosi)&nbsp;&nbsp;<\/p>\n\n\n\n<p class=\"has-text-align-left\">\u2022 Odvoz starega pohi\u0161tva&nbsp;&nbsp;<\/p>\n\n\n\n<p class=\"has-text-align-left\">\u2022 Manj\u0161e monta\u017ee in demonta\u017ee pohi\u0161tva&nbsp;&nbsp;<\/p>\n\n\n\n<p class=\"has-text-align-left\">\u2022 Vikendi, prazniki in no\u010dne storitve&nbsp;&nbsp;<\/p>\n\n\n\n<p class=\"has-text-align-left\">\u2022 Maribor in celotna Slovenija<\/p>\n\n\n\n<div style=\"height:36px\" aria-hidden=\"true\" class=\"wp-block-spacer\"><\/div>\n\n\n\n<figure class=\"wp-block-image alignfull\"><img loading=\"lazy\" decoding=\"async\" width=\"920\" height=\"613\" src=\"https:\/\/dinlux.si\/wp-content\/uploads\/2026\/02\/0-1.png\" alt=\"\" class=\"wp-image-11\" srcset=\"https:\/\/dinlux.si\/wp-content\/uploads\/2026\/02\/0-1.png 920w, https:\/\/dinlux.si\/wp-content\/uploads\/2026\/02\/0-1-300x200.png 300w, https:\/\/dinlux.si\/wp-content\/uploads\/2026\/02\/0-1-768x512.png 768w\" sizes=\"auto, (max-width: 920px) 100vw, 920px\" \/><\/figure>\n","protected":false},"excerpt":{"rendered":"<p>Zanesljivi prevozi in selitve 24\/7 Nujni prevozi, manj\u0161e selitve in odvoz pohi\u0161tva. Maribor in celotna Slovenija &#8211; vikendi, prazniki, no\u010dne storitve. info@dinlux.si Na\u0161e storitve \u2022 Nujni prevozi 24\/7&nbsp;&nbsp; \u2022 Manj\u0161e selitve (stanovanja, sobe, posamezni kosi)&nbsp;&nbsp; \u2022 Odvoz starega pohi\u0161tva&nbsp;&nbsp; \u2022 Manj\u0161e monta\u017ee in demonta\u017ee pohi\u0161tva&nbsp;&nbsp; \u2022 Vikendi, prazniki in no\u010dne storitve&nbsp;&nbsp; \u2022 Maribor in celotna [&hellip;]<\/p>\n","protected":false},"author":1,"featured_media":0,"parent":0,"menu_order":0,"comment_status":"closed","ping_status":"closed","template":"","meta":{"footnotes":""},"class_list":["post-10","page","type-page","status-publish","hentry"],"_links":{"self":[{"href":"https:\/\/dinlux.si\/index.php?rest_route=\/wp\/v2\/pages\/10","targetHints":{"allow":["GET"]}}],"collection":[{"href":"https:\/\/dinlux.si\/index.php?rest_route=\/wp\/v2\/pages"}],"about":[{"href":"https:\/\/dinlux.si\/index.php?rest_route=\/wp\/v2\/types\/page"}],"author":[{"embeddable":true,"href":"https:\/\/dinlux.si\/index.php?rest_route=\/wp\/v2\/users\/1"}],"replies":[{"embeddable":true,"href":"https:\/\/dinlux.si\/index.php?rest_route=%2Fwp%2Fv2%2Fcomments&post=10"}],"version-history":[{"count":7,"href":"https:\/\/dinlux.si\/index.php?rest_route=\/wp\/v2\/pages\/10\/revisions"}],"predecessor-version":[{"id":25,"href":"https:\/\/dinlux.si\/index.php?rest_route=\/wp\/v2\/pages\/10\/revisions\/25"}],"wp:attachment":[{"href":"https:\/\/dinlux.si\/index.php?rest_route=%2Fwp%2Fv2%2Fmedia&parent=10"}],"curies":[{"name":"wp","href":"https:\/\/api.w.org\/{rel}","templated":true}]}}